{"id":131,"date":"2020-01-10T08:34:41","date_gmt":"2020-01-10T08:34:41","guid":{"rendered":"https:\/\/mscskeylab.hus.vnu.edu.vn\/?page_id=131"},"modified":"2024-10-11T03:15:48","modified_gmt":"2024-10-11T03:15:48","slug":"students","status":"publish","type":"page","link":"https:\/\/mscskeylab.hus.vnu.edu.vn\/?page_id=131","title":{"rendered":"Students"},"content":{"rendered":"<p><strong>Current students<\/strong><\/p>\n<ol>\n<li>MSc. HO\u00c0NG Gia Linh (in Germany)<\/li>\n<li>MSc. NGUY\u1ec4N Th\u1ecb Hoa (in Germany)<\/li>\n<li>MSc. NGUY\u1ec4N H\u1ea3i L\u00fd, VJU<\/li>\n<li>MSc. L\u1ea0I Th\u1ecb Thu Hi\u1ec1n<\/li>\n<li>BSc. NGUY\u1ec4N Ti\u1ebfn T\u1ea1o, K64 V\u1eadt l\u00fd<\/li>\n<li>B\u00d9I Minh Tr\u00ed, K63QT V\u1eadt l\u00fd<\/li>\n<li>L\u01afU \u0110\u1ee9c M\u1ea1nh, K65 V\u1eadt l\u00fd<\/li>\n<li>NGUY\u1ec4N \u0110\u1ee9c Huy, K65 KHVL<\/li>\n<li>NGUY\u1ec4N Nh\u1eadt T\u00f9ng, K65 K\u1ef9 Thu\u1eadt \u0111i\u1ec7n t\u1eed tin h\u1ecdc<\/li>\n<li>PH\u00d9NG Anh Tu\u1ec7, K65 H\u00f3a h\u1ecdc, \u0110H B\u00e1ch Khoa<\/li>\n<li>NGUY\u1ec4N Di\u1ec7u H\u01b0\u01a1ng, K66 VLC<\/li>\n<li>NGUY\u1ec4N Thu Li\u00ea\u0303u, K66 VLC<\/li>\n<li>NGUY\u1ec4N Th\u1ecb Th\u00f9y Linh, K66 VLC<\/li>\n<\/ol>\n<p><strong>Former students (not all are listed)<br \/>\n<\/strong><\/p>\n<ol>\n<li>Se-Il LEE (Dr, in Korea)<\/li>\n<li>NGUY\u1ec4N Vi\u1ebft \u0110\u1ee9c (Dr)<\/li>\n<li>V\u0168 V\u0103n Quy\u1ec1n (Dr., in USA)<\/li>\n<li>TR\u1ea6N K\u1ef3 Thanh (MSc, VJU, in Taiwan)<\/li>\n<li>L\u00ca Ho\u00e0ng Phong (MSc)<\/li>\n<li>Cathy TRAN (BSc, in USA)<\/li>\n<li>V\u0168 Anh \u0110\u1ee9c (BSc, in Korea)<\/li>\n<li>T\u1ea0 V\u0103n Nam (BSc)<\/li>\n<li>V\u0168 \u0110\u00ecnh H\u1ed3ng Ph\u00fac (BSc, VJU, in Japan)<\/li>\n<li>NGUY\u1ec4N Thi\u1ec7n T\u00e2m (BSc, in USA)<\/li>\n<li>TR\u1ea6N B\u00e1 D\u01b0\u01a1ng (BSc, in Japan)<\/li>\n<li>L\u00ca Th\u1ecb Ph\u01b0\u01a1ng Linh (BSc, in USA)<\/li>\n<li>C\u00d4NG Ph\u01b0\u01a1ng Cao (in USA).<\/li>\n<li>NGUY\u1ec4N Vi\u1ec7t Anh (in Japan)<\/li>\n<li>D\u01af\u01a0NG Xu\u00e2n \u0110\u1ee9c, K65 K\u1ef9 thu\u1eadt \u0110i\u1ec7n t\u1eed v\u00e0 Tin h\u1ecdc<\/li>\n<\/ol>\n","protected":false},"excerpt":{"rendered":"<p>Current students MSc. HO\u00c0NG Gia Linh (in Germany) MSc. NGUY\u1ec4N Th\u1ecb Hoa (in Germany) MSc. NGUY\u1ec4N H\u1ea3i L\u00fd, VJU MSc. L\u1ea0I Th\u1ecb Thu Hi\u1ec1n BSc. NGUY\u1ec4N Ti\u1ebfn T\u1ea1o, K64 V\u1eadt l\u00fd B\u00d9I Minh Tr\u00ed, K63QT V\u1eadt l\u00fd L\u01afU \u0110\u1ee9c M\u1ea1nh, K65 V\u1eadt l\u00fd NGUY\u1ec4N \u0110\u1ee9c Huy, K65 KHVL NGUY\u1ec4N Nh\u1eadt T\u00f9ng, K65 K\u1ef9 Thu\u1eadt \u0111i\u1ec7n &hellip;<\/p>\n","protected":false},"author":1,"featured_media":0,"parent":0,"menu_order":0,"comment_status":"closed","ping_status":"closed","template":"","meta":{"footnotes":""},"class_list":["post-131","page","type-page","status-publish","hentry"],"_links":{"self":[{"href":"https:\/\/mscskeylab.hus.vnu.edu.vn\/index.php?rest_route=\/wp\/v2\/pages\/131","targetHints":{"allow":["GET"]}}],"collection":[{"href":"https:\/\/mscskeylab.hus.vnu.edu.vn\/index.php?rest_route=\/wp\/v2\/pages"}],"about":[{"href":"https:\/\/mscskeylab.hus.vnu.edu.vn\/index.php?rest_route=\/wp\/v2\/types\/page"}],"author":[{"embeddable":true,"href":"https:\/\/mscskeylab.hus.vnu.edu.vn\/index.php?rest_route=\/wp\/v2\/users\/1"}],"replies":[{"embeddable":true,"href":"https:\/\/mscskeylab.hus.vnu.edu.vn\/index.php?rest_route=%2Fwp%2Fv2%2Fcomments&post=131"}],"version-history":[{"count":44,"href":"https:\/\/mscskeylab.hus.vnu.edu.vn\/index.php?rest_route=\/wp\/v2\/pages\/131\/revisions"}],"predecessor-version":[{"id":769,"href":"https:\/\/mscskeylab.hus.vnu.edu.vn\/index.php?rest_route=\/wp\/v2\/pages\/131\/revisions\/769"}],"wp:attachment":[{"href":"https:\/\/mscskeylab.hus.vnu.edu.vn\/index.php?rest_route=%2Fwp%2Fv2%2Fmedia&parent=131"}],"curies":[{"name":"wp","href":"https:\/\/api.w.org\/{rel}","templated":true}]}}