{"id":15,"date":"2018-09-24T18:48:56","date_gmt":"2018-09-24T18:48:56","guid":{"rendered":"http:\/\/mscskeylab.hus.vnu.edu.vn\/?page_id=15"},"modified":"2026-02-26T09:05:42","modified_gmt":"2026-02-26T02:05:42","slug":"staff","status":"publish","type":"page","link":"https:\/\/mscskeylab.hus.vnu.edu.vn\/?page_id=15","title":{"rendered":"Staff"},"content":{"rendered":"<p class=\"center\"><strong>DIRECTORS<\/strong><\/p>\n<ul>\n<li><strong>Prof. Dr. Toan The Nguyen<\/strong>, VNU Key Laboratory \u201cMultiscale simulation of Complex Systems\u201d, Room 308A, Building T10, VNU University of Science, 334 Nguyen Trai Street, Thanh Xuan, Hanoi, VIETNAM.<br \/>\n&#8211; Email: toannt@vnu.edu.vn, toannt@hus.edu.vn<br \/>\n&#8211; Mobile: +84-4-0832724576<br \/>\n&#8211; Webpage: <a href=\"https:\/\/scholar.google.com.vn\/citations?user=XXx7ze0AAAAJ&amp;hl=en&amp;authuser=1\">Google Scholar<\/a><\/li>\n<li><strong>Prof. Dr. Paolo Carloni<\/strong>, VNU Key Laboratory \u201cMultiscale simulation of Complex Systems\u201d, and Forschungszentrum J\u00fclich GmbH, INM-9, Building 16.15, room 3010, Wilhelm-Johnen-Stra\u00dfe, D-52425 J\u00fclich, GERMANY.<br \/>\n&#8211; Email: p.carloni@fz-juelich.de<br \/>\n&#8211; Phone: +49 (0)2461 \/ 61-8941<br \/>\n&#8211; Fax: +49 (0)2461 \/ 61-4823<br \/>\n&#8211; Webpage: <a href=\"https:\/\/www.fz-juelich.de\/profile\/carloni_p\">https:\/\/www.fz-juelich.de\/profile\/carloni_p<\/a><\/li>\n<\/ul>\n<p><strong>SCIENTIFIC ADVISOR<\/strong><\/p>\n<ul>\n<li><strong>Prof. Dr. Duc Nguyen-Manh<\/strong>, Scientific advisory board member, Theory and Modelling Department, Culham Centre for Fusion Energy, United Kingdom Atomic Energy Authority, Abingdon, Oxfordshire, OX14 3DB, United Kingdom.<br \/>\n&#8211; Email: duc.nguyen@ukaea.uk<br \/>\n&#8211; Tel: +44 (0)1235 466284<br \/>\n&#8211; Fax: +44 (0)1235 466435<\/li>\n<\/ul>\n<p class=\"center\"><strong>MEMBERS<\/strong><\/p>\n<ul>\n<li><strong>Prof. Dr. Giulia Rossetti<\/strong>, Forschungszentrum J\u00fclich GmbH, INM-9, Building 16.15, room 3001, Wilhelm-Johnen-Stra\u00dfe, D-52425 J\u00fclich, GERMANY.<br \/>\n&#8211; Email: g.rossetti@fz-juelich.de<br \/>\n&#8211; Phone: +49 (0)2461 \/ 61-8933<br \/>\n&#8211; Fax: +49 (0)2461 \/ 61-4823<\/li>\n<li><strong>Prof. Dr. Vania Calandrini<\/strong>, Forschungszentrum J\u00fclich GmbH, INM-9, Building 16.15, room 3008, Wilhelm-Johnen-Stra\u00dfe, D-52425 J\u00fclich, GERMANY.<br \/>\n&#8211; Email: v.calandrini@fz-juelich.de<br \/>\n&#8211; Phone: +49 (0)2461 \/ 61-8938<br \/>\n&#8211; Fax: +49 (0)2461 \/ 61-4823<\/li>\n<li><strong>Prof. Dr. Alejandro Giorgetti<\/strong>, Forschungszentrum J\u00fclich GmbH, INM-9, Building 16.15, Wilhelm-Johnen-Stra\u00dfe, D-52425 J\u00fclich, GERMANY.<br \/>\n&#8211; Email: a.giorgetti@fz-juelich.de<br \/>\n&#8211; Phone: +39 045 8027801<br \/>\n&#8211; Fax: +49 (0)2461 \/ 61-4823<br \/>\n&#8211; Webpage:\u00a0<a class=\"RichTextExtLink ExternalLink\" title=\"External link\u00a0Giorgetti Lab\" href=\"http:\/\/molsim.sci.univr.it\/bioinfo\/web\/\">http:\/\/molsim.sci.univr.it\/bioinfo\/web\/<\/a><\/li>\n<li><strong>Prof. Dr. Mercedes Alfonso-Prieto<\/strong>, Forschungszentrum J\u00fclich GmbH, INM-9, Building 16.15, room 3001, Wilhelm-Johnen-Stra\u00dfe, D-52425 J\u00fclich, GERMANY.<br \/>\n&#8211; Email: m.alfonsoprieto@fz-juelich.de<br \/>\n&#8211; Phone: +49 (0)2461 \/ 61-8933<br \/>\n&#8211; Fax: +49 (0)2461 \/ 61-4823<br \/>\n&#8211; Webpage: https:\/\/sites.google.com\/site\/malfonsoprieto\/home<\/li>\n<\/ul>\n<p class=\"center\"><strong>SECRETARIAT<\/strong><\/p>\n<ul>\n<li><strong>Ms. \u0110\u1ed6 Kim Ng\u1ecdc (Vietnam)<\/strong><br \/>\n&#8211; Email: ngocdt129@hus.edu.vn<\/li>\n<li><strong>Ms. Annachiara Berra-Krichel (Germany)<\/strong><br \/>\n&#8211; Email: a.berra-krichel@fz-juelich.de<\/li>\n<\/ul>\n<p class=\"center\"><strong>AFFILIATED MEMBERS<\/strong><\/p>\n<ul>\n<li class=\"left\"><strong>Prof. Dr. Bau Nguyen Quang<\/strong>, Theoretical and Mathematical Physics, VNU University of Science, 334 Nguyen Trai Street, Thanh Xuan, Hanoi, VIETNAM.<br \/>\n&#8211; Email: nguyenquangbau@yahoo.com<\/li>\n<li class=\"left\"><strong>Prof. Dr. Cong Bach Thanh<\/strong>, Computational Material Science LAB, VNU University of Science, 334 Nguyen Trai Street, Thanh Xuan, Hanoi, VIETNAM.<br \/>\n&#8211; Email: congbt@vnu.edu.vn ; congbachthanh@gmail.com<\/li>\n<li><strong>Dr. Ha Do Minh<\/strong>, Faculty of Biology, VNU University of Science, 334 Nguyen Trai Street, Thanh Xuan, Hanoi, VIETNAM.<br \/>\n&#8211; Email: dominhha@vnu.edu.vn<\/li>\n<li><strong>Dr. Trang Thuy Nguyen<\/strong>, Faculty of Physics, VNU University of Science, 334 Nguyen Trai Street, Thanh Xuan, Hanoi, VIETNAM.<br \/>\n&#8211; Email: trangnguyenphys@gmail.com<\/li>\n<li class=\"left\"><strong>Dr. Hai Yen Le Thi<\/strong>, Faculty of Physics, VNU University of Science, 334 Nguyen Trai Street, Thanh Xuan, Hanoi, VIETNAM.<br \/>\n&#8211; Email: lethihaiyen@hus.edu.vn<\/li>\n<li><strong>Assoc. Prof. Dr. Hanh Hong MAI<\/strong>, Faculty of Physics, VNU University of Science, 334 Nguyen Trai Street, Thanh Xuan, Hanoi, VIETNAM.<\/li>\n<li><strong>Assoc. Prof. Dr. Hoang Dang VU<\/strong>, Hanoi University of Pharmacy, 15 Le Thanh Tong, Hoan Kiem, Hanoi, VIETNAM.<\/li>\n<li><strong>Dr. Cuong Tien NGUYEN<\/strong>, Faculty of Physics, VNU University of Science, 334 Nguyen Trai Street, Thanh Xuan, Hanoi, VIETNAM.<\/li>\n<li><strong>Dr. Hoa-Mi <\/strong><strong>NGUYEN<\/strong>, Department of Computational Chemistry, Faculty of Chemistry, VNU University of Science, 19 Le Thanh Tong Street, Phan Chu Trinh, Hoan Kiem, Hanoi, VIETNAM.<br \/>\n&#8211; Email: minguyenhoa@gmail.com<\/li>\n<li><strong>Dr. Lam Tien PHAM<\/strong>, Phenikaa Institute for Advanced Study, Phenikaa University, Y\u00ean Ngh\u0129a, H\u00e0 \u0110\u00f4ng, H\u00e0 N\u1ed9i, VIETNAM.<\/li>\n<\/ul>\n","protected":false},"excerpt":{"rendered":"<p>DIRECTORS Prof. Dr. Toan The Nguyen, VNU Key Laboratory \u201cMultiscale simulation of Complex Systems\u201d, Room 308A, Building T10, VNU University of Science, 334 Nguyen Trai Street, Thanh Xuan, Hanoi, VIETNAM. &#8211; Email: toannt@vnu.edu.vn, toannt@hus.edu.vn &#8211; Mobile: +84-4-0832724576 &#8211; Webpage: Google Scholar Prof. Dr. Paolo Carloni, VNU Key Laboratory \u201cMultiscale simulation of Complex Systems\u201d, and Forschungszentrum &hellip;<\/p>\n","protected":false},"author":1,"featured_media":0,"parent":0,"menu_order":0,"comment_status":"closed","ping_status":"closed","template":"","meta":{"footnotes":""},"class_list":["post-15","page","type-page","status-publish","hentry"],"_links":{"self":[{"href":"https:\/\/mscskeylab.hus.vnu.edu.vn\/index.php?rest_route=\/wp\/v2\/pages\/15","targetHints":{"allow":["GET"]}}],"collection":[{"href":"https:\/\/mscskeylab.hus.vnu.edu.vn\/index.php?rest_route=\/wp\/v2\/pages"}],"about":[{"href":"https:\/\/mscskeylab.hus.vnu.edu.vn\/index.php?rest_route=\/wp\/v2\/types\/page"}],"author":[{"embeddable":true,"href":"https:\/\/mscskeylab.hus.vnu.edu.vn\/index.php?rest_route=\/wp\/v2\/users\/1"}],"replies":[{"embeddable":true,"href":"https:\/\/mscskeylab.hus.vnu.edu.vn\/index.php?rest_route=%2Fwp%2Fv2%2Fcomments&post=15"}],"version-history":[{"count":14,"href":"https:\/\/mscskeylab.hus.vnu.edu.vn\/index.php?rest_route=\/wp\/v2\/pages\/15\/revisions"}],"predecessor-version":[{"id":849,"href":"https:\/\/mscskeylab.hus.vnu.edu.vn\/index.php?rest_route=\/wp\/v2\/pages\/15\/revisions\/849"}],"wp:attachment":[{"href":"https:\/\/mscskeylab.hus.vnu.edu.vn\/index.php?rest_route=%2Fwp%2Fv2%2Fmedia&parent=15"}],"curies":[{"name":"wp","href":"https:\/\/api.w.org\/{rel}","templated":true}]}}