{"id":435,"date":"2023-05-10T03:30:35","date_gmt":"2023-05-10T03:30:35","guid":{"rendered":"https:\/\/mscskeylab.hus.vnu.edu.vn\/?page_id=435"},"modified":"2024-08-24T01:50:06","modified_gmt":"2024-08-24T01:50:06","slug":"conferences-workshops-schools","status":"publish","type":"page","link":"https:\/\/mscskeylab.hus.vnu.edu.vn\/?page_id=435","title":{"rendered":"Scientific conferences, workshops, and schools activities"},"content":{"rendered":"\n<h3 class=\"wp-block-heading\">The main KeyLAB conference series:<\/h3>\n\n\n\n<p>October 14<sup>th<\/sup>-16<sup>th<\/sup>, 2024 <strong>&#8211;<\/strong> the 4<sup>rd<\/sup> KeyLAB international conference: &#8220;<a href=\"https:\/\/mscskeylab.hus.vnu.edu.vn\/conference\/ECAMM2024\"><strong>Experimental and computational approaches in Molecular Medicine (ECAMM-2024)<\/strong><\/a>&#8220;, Hanoi, Vietnam.<\/p>\n\n\n\n<p>September 22<sup>nd<\/sup> &#8211; 29<sup>th<\/sup>, 2019 <strong>&#8211;<\/strong> the 3<sup>rd<\/sup> KeyLAB international conference: the &#8220;<strong>Second training course and international workshop on multiscale biophysics computations<\/strong>&#8220;, Hanoi, Vietnam.<\/p>\n\n\n\n<p>June 27<sup>th<\/sup> &#8211; 29<sup>th<\/sup>, 2018<strong> &#8211;<\/strong> the 2<sup>nd<\/sup> KeyLAB international conference: &#8220;<strong><a href=\"https:\/\/www.fz-juelich.de\/en\/ias\/ias-5\/news\/events\/conferences\/past-conferences\/bme2018\">Recent Computational and Experimental advances in Molecular Medicine<\/a><\/strong>&#8220;, organized as a section in collaboration with the BME7 conference, Ho Chi Minh City, Vietnam.<\/p>\n\n\n\n<p>June 30<sup>th<\/sup> &#8211; July 01<sup>st<\/sup>, 2016 <strong>&#8211;<\/strong> the 1st KeyLAB international conference: <strong>&#8220;The 2016 International Workshop and Summer school in Physics \u2013 Biology \u2013 Pharmacy: Molecular Dynamics in Drug Design&#8221;<\/strong>, Hanoi, Vietnam. The conference is one of several scientific activities to inaugurate the establishment of the KeyLAB.<\/p>\n\n\n\n<h3 class=\"wp-block-heading\">Invited\/committeed conferences<\/h3>\n\n\n\n<ol class=\"wp-block-list\">\n<li>September 25<sup>th<\/sup> &#8211; 27<sup>th<\/sup>, 2024: <strong><a href=\"https:\/\/www.icisequynhon.com\/conferences\/2024\/nanobiocom2024\/\">Rencontres du Vietnam: The first International Symposium of Nano Life Science: Nano Biotechnology, Biosensor, Computation<\/a><\/strong> (NanoBioCoM2024), International Centre for Interdisciplinary Science and Education (ICISE), Quy Nhon City, Binh Dinh province, Vietnam (invited).<\/li>\n\n\n\n<li>August  23<sup>rd<\/sup> &#8211; 25<sup>th<\/sup>, 2024, XX<sup>th<\/sup> Rencontres du Vietnam <strong><a href=\"https:\/\/icisequynhon.com\/conferences\/2024\/materials-informatics\/\">Materials Informatics: Accelerating Materials Research and Design with Artificial Intelligence<\/a><\/strong>, ICISE, Quy Nhon, Vietnam.<\/li>\n\n\n\n<li>July 30<sup>th<\/sup> &#8211; August 2<sup>nd<\/sup>, 2024: The 49<sup>th<\/sup> <a href=\"https:\/\/iop.vast.vn\/vctp\/49\/\" data-type=\"URL\"><strong>Vietnam Conference on Theoretical Physics<\/strong><\/a> (VCTP-49), Hue city, Vietnam.<\/li>\n\n\n\n<li>July 6<sup>th<\/sup> &#8211; 7<sup>th<\/sup>, 2024: The <strong><a href=\"https:\/\/computational-quantum.com\/vsscm-2\/\">2<sup>nd<\/sup> Viet Nam Symposium on Scientific Computation and Modeling VSSCM-2-2024<\/a><\/strong>, Hanoi Campus of VinUniversity, Vinhomes Ocean Park, Gia L\u00e2m, H\u00e0 N\u1ed9i, Vi\u1ec7t Nam.<\/li>\n\n\n\n<li>July 3<sup>rd<\/sup>-5<sup>th<\/sup>, 2024: <strong>Samahang Pisika ng Pilipinas&nbsp;(<a href=\"https:\/\/spp-online.org\/\">SPP, Physics Society of the Philippines<\/a>) Conference<\/strong>, Batangas State University in Batangas City, Philippines (invited).<\/li>\n\n\n\n<li>January 21<sup>st<\/sup> &#8211; 24<sup>th<\/sup>, 2024: <a href=\"https:\/\/fms2024.conf.nycu.edu.tw\/\"><strong>7<sup>th<\/sup> International Symposium on Frontiers in Materials Science<\/strong><\/a>, (FMS 2024), National Yang Ming Chiao Tung University, Hsinchu, Taiwan (invited); <a href=\"https:\/\/mscskeylab.hus.vnu.edu.vn\/wp-content\/uploads\/2024\/01\/FMS-2024-BOOKET-_ELectronic-version.pdf\">Abstract book<\/a>.<\/li>\n\n\n\n<li>November 6<sup>th<\/sup>-10<sup>th<\/sup>, 2023: <a href=\"https:\/\/iop.vast.vn\/asian\/2023\/program.php\">Asian Network School and Workshop on Complex Condensed Matter Systems<\/a>, Hanoi.<\/li>\n\n\n\n<li>October 12<sup>th<\/sup>-13<sup>th<\/sup>, 2023: <strong><a href=\"http:\/\/fepn.uet.vnu.edu.vn\/hop-tac\/quoc-te\/hoi-thao-song-phuong-nhat-ban-viet-nam-ve-khoa-hoc-va-cong-nghe-cho-khong-gian-va-trai-dat-2023.html\">H\u1ed9i th\u1ea3o song ph\u01b0\u01a1ng Nh\u1eadt B\u1ea3n \u2013 Vi\u1ec7t Nam v\u1ec1 Khoa h\u1ecdc v\u00e0 C\u00f4ng ngh\u1ec7 cho Kh\u00f4ng gian v\u00e0 Tr\u00e1i \u0111\u1ea5t 2023<\/a><\/strong><em>, Japan-Vietnam Bilateral Symposium on Science and Engineering for Space and the Earth 2023 \u2013 JVBSSESE 2023<\/em>, UET &#8211; VNU, Hanoi, Vietnam (invited); <a href=\"https:\/\/mscskeylab.hus.vnu.edu.vn\/wp-content\/uploads\/2023\/10\/program-20231005.pdf\">abstract book<\/a>.<\/li>\n\n\n\n<li>October 6<sup>th<\/sup> &#8211; 9<sup>th<\/sup>, 2023: The<strong> <a href=\"https:\/\/icms2023.conf.tw\/site\/page.aspx?pid=901&amp;sid=1506&amp;lang=en\">6th International Conference on Molecular Simulation<\/a><\/strong>, (ICMS 2023), Boya Lecture Building, National Taiwan University, Taipei, Taiwan (invited).<\/li>\n\n\n\n<li>September 17<sup>th<\/sup> &#8211; 19<sup>th<\/sup>, 2023: <strong><a href=\"https:\/\/icisequynhon.com\/conferences\/2023\/nanobiocom2023\/overview.html\">Rencontres du Vietnam: The first International Symposium of Nano Life Science: Nano Biotechnology, Biosensor, Computation<\/a>  <\/strong>  (NanoBioCoM2023), International Centre for Interdisciplinary Science and Education (ICISE), Quy Nhon City, Binh Dinh province, Vietnam (invited). <\/li>\n\n\n\n<li>August 10<sup>th<\/sup> &#8211; 13<sup>th<\/sup>, 2023: the 4<sup>th<\/sup> <strong><a href=\"http:\/\/nec-hus.edu.vn\/iwamd2023\/\">International Workshop on Advanced Materials and Devices<\/a><\/strong> (IWAMD 2023), Thai Nguyen University, Tan Thinh Ward, Thai Nguyen City, Vietnam (invited); <a href=\"https:\/\/mscskeylab.hus.vnu.edu.vn\/wp-content\/uploads\/2023\/08\/IWAMD-2023-program_July31-FINAL.pdf\">Abstract book<\/a>.  <\/li>\n\n\n\n<li>July 31<sup>st<\/sup> &#8211; August 3<sup>rd<\/sup>, 2023: The 48<sup>th<\/sup> <a href=\"https:\/\/iop.vast.vn\/vctp\/48\/\" data-type=\"URL\"><strong>Vietnam Conference on Theoretical Physics<\/strong><\/a> (VCTP-48), Da Nang city, Vietnam (invited); <a href=\"https:\/\/mscskeylab.hus.vnu.edu.vn\/wp-content\/uploads\/2023\/08\/Abstract_Book_2023.pdf\">Abstract book<\/a>.<\/li>\n\n\n\n<li>July 14<sup>th<\/sup>, 2023: Workshop:<strong>&nbsp;<a href=\"https:\/\/viasm.edu.vn\/hdkh\/mathematical-biology-2023?userkey=workshop\">Some contemporary problems in Mathematical Biology<\/a><\/strong>, Vietnam Institute for Advanced Study in Mathematics (VIASM), Hanoi, Vietnam (invited).<\/li>\n\n\n\n<li>May 18<sup>th<\/sup>, 2023: <strong><a href=\"http:\/\/math.ac.vn\/vi\/news\/1332-ngaykhcn2023.html\">Ng\u00e0y Khoa h\u1ecdc c\u00f4ng ngh\u1ec7 v\u1ec1 ch\u1ee7 \u0111\u1ec1 &#8220;Khoa h\u1ecdc m\u1edf d\u01b0\u1edbi c\u00e1c g\u00f3c nh\u00ecn&#8221;<\/a><\/strong> theo tinh th\u1ea7n c\u1ee7a Unesco v\u1ec1 lan t\u1ecfa nh\u1eadn th\u1ee9c v\u1ec1 Khoa h\u1ecdc m\u1edf, Trung t\u00e2m To\u00e1n v\u00e0 Trung t\u00e2m V\u1eadt l\u00fd qu\u1ed1c t\u1ebf Unesco &#8211; Vi\u1ec7n H\u00e0n l\u00e2m Khoa h\u1ecdc c\u00f4ng ngh\u1ec7 Vi\u1ec7t nam (VAST) v\u00e0 Qu\u1ef9 \u0110\u1ed5i m\u1edbi S\u00e1ng t\u1ea1p VinIF (invited).<\/li>\n\n\n\n<li>February 19<sup>th<\/sup> &#8211; 23<sup>th<\/sup>, 2023: The <strong><a rel=\"noreferrer noopener\" href=\"http:\/\/www.apatcc.org\/\" target=\"_blank\">Asia Pacific Association of Theoretical and Computational Chemistry<\/a><\/strong> (APATCC-10), International Centre for Interdisciplinary Science and Education (ICISE), Quy Nhon, Vietnam (invited).<\/li>\n\n\n\n<li>August 1<sup>st<\/sup> &#8211; 4<sup>th<\/sup>, 2022: the 47<sup>th<\/sup> <a href=\"https:\/\/iop.vast.vn\/vctp\/47\/\" data-type=\"URL\" data-id=\"https:\/\/iop.vast.vn\/vctp\/47\/\"><strong>Vietnam Conference on Theoretical Physics<\/strong><\/a> (VCTP-47), Tuy Hoa city, Phu Yen province, Vietnam; <a href=\"https:\/\/mscskeylab.hus.vnu.edu.vn\/wp-content\/uploads\/2023\/05\/Abstract_Book_2022.pdf\">Abstract book<\/a>.<\/li>\n\n\n\n<li>April 14<sup>th<\/sup> &#8211; 16<sup>th<\/sup>, 2022: <a href=\"https:\/\/tdmu.edu.vn\/theo-dong-su-kien\/hoi-nghi-quoc-te-thiet-ke-vat-lieu-tinh-toan-chau-a-asia-computational-materials-design-workshop-acmd-2022\"><strong>H\u1ed9i ngh\u1ecb Qu\u1ed1c t\u1ebf Thi\u1ebft k\u1ebf v\u1eadt li\u1ec7u t\u00ednh to\u00e1n ch\u00e2u \u00c1<\/strong><\/a> l\u1ea7n th\u1ee9 12 &#8211; The 12<sup>th<\/sup> ASIA Computational Materials Design Workshop (ACMD), Tr\u01b0\u1eddng \u0110\u1ea1i H\u1ecdc Th\u1ee7 D\u1ea7u M\u1ed9t, S\u1ed1 6 Tr\u1ea7n V\u0103n \u01a0n, Ph\u00fa H\u00f2a, Th\u1ee7 D\u1ea7u M\u1ed9t, B\u00ecnh D\u01b0\u01a1ng (invited); <a href=\"https:\/\/mscskeylab.hus.vnu.edu.vn\/wp-content\/uploads\/2023\/05\/12th-ACMD2022_Abstract_Book.pdf\">Abstract book<\/a>.<\/li>\n<\/ol>\n","protected":false},"excerpt":{"rendered":"<p>The main KeyLAB conference series: October 14th-16th, 2024 &#8211; the 4rd KeyLAB international conference: &#8220;Experimental and computational approaches in Molecular Medicine (ECAMM-2024)&#8220;, Hanoi, Vietnam. September 22nd &#8211; 29th, 2019 &#8211; the 3rd KeyLAB international conference: the &#8220;Second training course and international workshop on multiscale biophysics computations&#8220;, Hanoi, Vietnam. June 27th &#8211; 29th, 2018 &#8211; the &hellip;<\/p>\n","protected":false},"author":1,"featured_media":0,"parent":0,"menu_order":0,"comment_status":"closed","ping_status":"closed","template":"","meta":{"footnotes":""},"class_list":["post-435","page","type-page","status-publish","hentry"],"_links":{"self":[{"href":"https:\/\/mscskeylab.hus.vnu.edu.vn\/index.php?rest_route=\/wp\/v2\/pages\/435","targetHints":{"allow":["GET"]}}],"collection":[{"href":"https:\/\/mscskeylab.hus.vnu.edu.vn\/index.php?rest_route=\/wp\/v2\/pages"}],"about":[{"href":"https:\/\/mscskeylab.hus.vnu.edu.vn\/index.php?rest_route=\/wp\/v2\/types\/page"}],"author":[{"embeddable":true,"href":"https:\/\/mscskeylab.hus.vnu.edu.vn\/index.php?rest_route=\/wp\/v2\/users\/1"}],"replies":[{"embeddable":true,"href":"https:\/\/mscskeylab.hus.vnu.edu.vn\/index.php?rest_route=%2Fwp%2Fv2%2Fcomments&post=435"}],"version-history":[{"count":65,"href":"https:\/\/mscskeylab.hus.vnu.edu.vn\/index.php?rest_route=\/wp\/v2\/pages\/435\/revisions"}],"predecessor-version":[{"id":760,"href":"https:\/\/mscskeylab.hus.vnu.edu.vn\/index.php?rest_route=\/wp\/v2\/pages\/435\/revisions\/760"}],"wp:attachment":[{"href":"https:\/\/mscskeylab.hus.vnu.edu.vn\/index.php?rest_route=%2Fwp%2Fv2%2Fmedia&parent=435"}],"curies":[{"name":"wp","href":"https:\/\/api.w.org\/{rel}","templated":true}]}}